{"id":215,"date":"2020-12-26T16:50:51","date_gmt":"2020-12-26T16:50:51","guid":{"rendered":"https:\/\/protectoraberga.com\/?page_id=215"},"modified":"2020-12-26T16:50:51","modified_gmt":"2020-12-26T16:50:51","slug":"instal%c2%b7lacions","status":"publish","type":"page","link":"https:\/\/protectoraberga.com\/?page_id=215","title":{"rendered":"INSTAL\u00b7LACIONS"},"content":{"rendered":"\n<p>La capacitat del refugi \u00e9s per a 20 gats i 30 gossos.<\/p>\n\n\n\n<p>El refugi consta d\u2019una nau de 80 metres quadrats per als gossos i, en aquests, hi ha 22 g\u00e0bies individuals amb un llit i aigua autom\u00e0tica. Algunes de les g\u00e0bies tenen sortida a l\u2019exterior. Per una porta s&#8217;accedeix al pati exterior de 3000 metres quadrats per la qual surten 2 cops al dia a passejar i a esbargir-se en grups, parelles o individualment, depenent de les seves caracter\u00edstiques. Aquest pati est\u00e0 completament tancat. <\/p>\n\n\n\n<p>L&#8217;altell, de 60 metres quadrats, est\u00e0 destinat als gats. Dins d&#8217;aquesta zona hi ha 6 g\u00e0bies per a casos d&#8217;urg\u00e8ncia i pels nous arribats fins a la seva integraci\u00f3. Tamb\u00e9 disposen d\u2019una terrassa completament reixada on hi tenen llits i diferents zones amb joguines i de relaxaci\u00f3. <\/p>\n\n\n\n<p>Tamb\u00e9 disposem d&#8217;una cuina totalment equipada i d&#8217;una petita habitaci\u00f3 que utilitzem com a magatzem de pinso i mantes. <\/p>\n\n\n\n<p>A l&#8217;exterior del refugi hi ha una zona amb lavabos i l&#8217;oficina.<\/p>\n\n\n\nngg_shortcode_0_placeholder\n","protected":false},"excerpt":{"rendered":"<p>La capacitat del refugi \u00e9s per a 20 gats i 30 gossos. El refugi consta d\u2019una nau de 80 metres quadrats per als gossos i, en aquests, hi ha 22 g\u00e0bies individuals amb un llit i aigua autom\u00e0tica. Algunes de les g\u00e0bies tenen sortida a l\u2019exterior. Per una porta s&#8217;accedeix al pati exterior de 3000 [&hellip;]<\/p>\n","protected":false},"author":1,"featured_media":0,"parent":0,"menu_order":0,"comment_status":"closed","ping_status":"closed","template":"","meta":{"ngg_post_thumbnail":0,"footnotes":""},"class_list":["post-215","page","type-page","status-publish","hentry","post-preview"],"_links":{"self":[{"href":"https:\/\/protectoraberga.com\/index.php?rest_route=\/wp\/v2\/pages\/215","targetHints":{"allow":["GET"]}}],"collection":[{"href":"https:\/\/protectoraberga.com\/index.php?rest_route=\/wp\/v2\/pages"}],"about":[{"href":"https:\/\/protectoraberga.com\/index.php?rest_route=\/wp\/v2\/types\/page"}],"author":[{"embeddable":true,"href":"https:\/\/protectoraberga.com\/index.php?rest_route=\/wp\/v2\/users\/1"}],"replies":[{"embeddable":true,"href":"https:\/\/protectoraberga.com\/index.php?rest_route=%2Fwp%2Fv2%2Fcomments&post=215"}],"version-history":[{"count":2,"href":"https:\/\/protectoraberga.com\/index.php?rest_route=\/wp\/v2\/pages\/215\/revisions"}],"predecessor-version":[{"id":235,"href":"https:\/\/protectoraberga.com\/index.php?rest_route=\/wp\/v2\/pages\/215\/revisions\/235"}],"wp:attachment":[{"href":"https:\/\/protectoraberga.com\/index.php?rest_route=%2Fwp%2Fv2%2Fmedia&parent=215"}],"curies":[{"name":"wp","href":"https:\/\/api.w.org\/{rel}","templated":true}]}}