{"id":293,"date":"2020-12-26T17:27:07","date_gmt":"2020-12-26T17:27:07","guid":{"rendered":"https:\/\/protectoraberga.com\/?page_id=293"},"modified":"2020-12-26T17:27:07","modified_gmt":"2020-12-26T17:27:07","slug":"collabora","status":"publish","type":"page","link":"https:\/\/protectoraberga.com\/?page_id=293","title":{"rendered":"Col\u00b7labora"},"content":{"rendered":"\n<p>L&#8217;Associaci\u00f3 disposa d&#8217;un grup teaming on les persones que s\u2019hi uneixen col\u00b7laboren amb la nostra tasca amb 1 euro al mes. Us podeu unir al nostre \u200bgrup accedint a la seg\u00fcent adre\u00e7a: https:\/\/www.teaming.net\/associacioberguedanaprotecciodelsanimals?ang=ca_ES <\/p>\n\n\n\n<p>Si hi ha alguna persona que vol col\u00b7laborar amb nosaltres de manera econ\u00f2mica, tenim un n\u00famero de compte al qual hi podeu fer el vostre donatiu: <\/p>\n\n\n\n<p>BANC SABADELL:   ES10 0081 0153 9000 0131 5539 <\/p>\n\n\n\n<p> Tamb\u00e9 podeu fer-vos socis de la nostra associaci\u00f3 i escollir la quantitat que voleu donar anualment (<a href=\"https:\/\/protectoraberga.com\/?page_id=203\">Poseu-vos en contacte amb nosaltres<\/a>). <\/p>\n\n\n\n<p><canvas width=\"794\" height=\"1123\">grup accedint a la seg\u00fcent adre\u00e7a: https:\/\/www.teaming.net\/associacioberguedanaprotecciodelsanimals? lang=ca_ES &#8211; Si hi ha alguna persona que vol col\u00b7laborar amb nosaltres de manera econ\u00f2mica, tenim un n\u00famero de compte al qual hi podeu fer el vostre donatiu: BANC SABADELL ES10 0081 0153 9000 0131 5539 &#8211; Tamb\u00e9 podeu fer-vos socis de la nostra associaci\u00f3 i escollir la quantitat que voleu donar anualment (posar-vos en contacte amb nosaltres).<\/p>\n","protected":false},"excerpt":{"rendered":"<p>L&#8217;Associaci\u00f3 disposa d&#8217;un grup teaming on les persones que s\u2019hi uneixen col\u00b7laboren amb la nostra tasca amb 1 euro al mes. Us podeu unir al nostre \u200bgrup accedint a la seg\u00fcent adre\u00e7a: https:\/\/www.teaming.net\/associacioberguedanaprotecciodelsanimals?ang=ca_ES Si hi ha alguna persona que vol col\u00b7laborar amb nosaltres de manera econ\u00f2mica, tenim un n\u00famero de compte al qual hi podeu [&hellip;]<\/p>\n","protected":false},"author":1,"featured_media":0,"parent":0,"menu_order":0,"comment_status":"closed","ping_status":"closed","template":"","meta":{"ngg_post_thumbnail":0,"footnotes":""},"class_list":["post-293","page","type-page","status-publish","hentry","post-preview"],"_links":{"self":[{"href":"https:\/\/protectoraberga.com\/index.php?rest_route=\/wp\/v2\/pages\/293","targetHints":{"allow":["GET"]}}],"collection":[{"href":"https:\/\/protectoraberga.com\/index.php?rest_route=\/wp\/v2\/pages"}],"about":[{"href":"https:\/\/protectoraberga.com\/index.php?rest_route=\/wp\/v2\/types\/page"}],"author":[{"embeddable":true,"href":"https:\/\/protectoraberga.com\/index.php?rest_route=\/wp\/v2\/users\/1"}],"replies":[{"embeddable":true,"href":"https:\/\/protectoraberga.com\/index.php?rest_route=%2Fwp%2Fv2%2Fcomments&post=293"}],"version-history":[{"count":1,"href":"https:\/\/protectoraberga.com\/index.php?rest_route=\/wp\/v2\/pages\/293\/revisions"}],"predecessor-version":[{"id":294,"href":"https:\/\/protectoraberga.com\/index.php?rest_route=\/wp\/v2\/pages\/293\/revisions\/294"}],"wp:attachment":[{"href":"https:\/\/protectoraberga.com\/index.php?rest_route=%2Fwp%2Fv2%2Fmedia&parent=293"}],"curies":[{"name":"wp","href":"https:\/\/api.w.org\/{rel}","templated":true}]}}